{"id":23,"date":"2019-12-09T15:58:23","date_gmt":"2019-12-09T15:58:23","guid":{"rendered":"http:\/\/chs-pommer.de\/?page_id=23"},"modified":"2025-04-07T12:05:43","modified_gmt":"2025-04-07T12:05:43","slug":"hardware","status":"publish","type":"page","link":"https:\/\/chs-pommer.de\/?page_id=23","title":{"rendered":"Hardware"},"content":{"rendered":"\n<h2 class=\"wp-block-heading\">Leistungsstarke Hardware f\u00fcr effiziente Unternehmensprozesse<\/h2>\n\n\n\n<div style=\"height:33px\" aria-hidden=\"true\" class=\"wp-block-spacer\"><\/div>\n\n\n\n<p>Die richtige <strong>IT-Hardware<\/strong> ist das Fundament f\u00fcr reibungslose und effiziente Gesch\u00e4ftsabl\u00e4ufe. Bei <strong>CHS Pommer<\/strong> bieten wir ma\u00dfgeschneiderte Hardware-L\u00f6sungen, die perfekt auf Ihre Anforderungen abgestimmt sind \u2013 von leistungsstarken Servern bis hin zu modernen Arbeitspl\u00e4tzen f\u00fcr produktives Arbeiten.<br><\/p>\n\n\n\n<p>&#x2714; <strong>Server &amp; Netzwerktechnik<\/strong> \u2013 Sichere und skalierbare Infrastruktur f\u00fcr Ihr Unternehmen <br>&#x2714; <strong>Arbeitsplatzl\u00f6sungen<\/strong> \u2013 PCs, Notebooks &amp; Workstations f\u00fcr maximale Effizienz <br>&#x2714; <strong>Peripherieger\u00e4te &amp; Zubeh\u00f6r<\/strong> \u2013 Drucker, Scanner, Monitore und mehr f\u00fcr einen optimalen Workflow<br>&#x2714; <strong>Individuelle Beratung &amp; Implementierung<\/strong> \u2013 Wir helfen bei der Auswahl, Einrichtung und Optimierung Ihrer Hardware<br><\/p>\n\n\n\n<p>Wir stellen sicher, dass Ihre IT-Systeme <strong>zuverl\u00e4ssig, sicher und leistungsf\u00e4hig<\/strong> sind \u2013 damit Sie sich voll und ganz auf Ihr Kerngesch\u00e4ft konzentrieren k\u00f6nnen!<br><\/p>\n\n\n\n<p>Dank unserer Partnerschaft mit <strong>Bluechip<\/strong> bieten wir Ihnen <strong>qualitativ hochwertige IT-L\u00f6sungen<\/strong>, die sich flexibel an Ihre Unternehmensanforderungen anpassen lassen. Lassen Sie uns gemeinsam Ihre IT-Infrastruktur auf das n\u00e4chste Level bringen!<\/p>\n\n\n\n<div style=\"height:100px\" aria-hidden=\"true\" class=\"wp-block-spacer\"><\/div>\n\n\n\n<figure class=\"wp-block-image size-full is-resized\"><img loading=\"lazy\" decoding=\"async\" width=\"500\" height=\"114\" src=\"https:\/\/chs-pommer.de\/wp-content\/uploads\/2019\/12\/logo_bc_mit-slogan_rgb.png\" alt=\"\" class=\"wp-image-109\" style=\"width:317px;height:auto\" srcset=\"https:\/\/chs-pommer.de\/wp-content\/uploads\/2019\/12\/logo_bc_mit-slogan_rgb.png 500w, https:\/\/chs-pommer.de\/wp-content\/uploads\/2019\/12\/logo_bc_mit-slogan_rgb-300x68.png 300w\" sizes=\"auto, (max-width: 500px) 100vw, 500px\" \/><\/figure>\n","protected":false},"excerpt":{"rendered":"<p>Leistungsstarke Hardware f\u00fcr effiziente Unternehmensprozesse Die richtige IT-Hardware ist das Fundament f\u00fcr reibungslose und effiziente Gesch\u00e4ftsabl\u00e4ufe. Bei CHS Pommer bieten wir ma\u00dfgeschneiderte Hardware-L\u00f6sungen, die perfekt auf Ihre Anforderungen abgestimmt sind \u2013 von leistungsstarken Servern bis hin zu modernen Arbeitspl\u00e4tzen f\u00fcr produktives Arbeiten. &#x2714; Server &amp; Netzwerktechnik \u2013 Sichere und skalierbare Infrastruktur f\u00fcr Ihr Unternehmen &#x2714;&hellip; <br \/> <a class=\"read-more\" href=\"https:\/\/chs-pommer.de\/?page_id=23\">Weiterlesen<\/a><\/p>\n","protected":false},"author":1,"featured_media":454,"parent":15,"menu_order":0,"comment_status":"closed","ping_status":"closed","template":"","meta":{"footnotes":""},"class_list":["post-23","page","type-page","status-publish","has-post-thumbnail","hentry"],"featured_image_src":"https:\/\/chs-pommer.de\/wp-content\/uploads\/2025\/04\/motherboard-232515-scaled-e1744027494379.jpg","_links":{"self":[{"href":"https:\/\/chs-pommer.de\/index.php?rest_route=\/wp\/v2\/pages\/23","targetHints":{"allow":["GET"]}}],"collection":[{"href":"https:\/\/chs-pommer.de\/index.php?rest_route=\/wp\/v2\/pages"}],"about":[{"href":"https:\/\/chs-pommer.de\/index.php?rest_route=\/wp\/v2\/types\/page"}],"author":[{"embeddable":true,"href":"https:\/\/chs-pommer.de\/index.php?rest_route=\/wp\/v2\/users\/1"}],"replies":[{"embeddable":true,"href":"https:\/\/chs-pommer.de\/index.php?rest_route=%2Fwp%2Fv2%2Fcomments&post=23"}],"version-history":[{"count":10,"href":"https:\/\/chs-pommer.de\/index.php?rest_route=\/wp\/v2\/pages\/23\/revisions"}],"predecessor-version":[{"id":295,"href":"https:\/\/chs-pommer.de\/index.php?rest_route=\/wp\/v2\/pages\/23\/revisions\/295"}],"up":[{"embeddable":true,"href":"https:\/\/chs-pommer.de\/index.php?rest_route=\/wp\/v2\/pages\/15"}],"wp:featuredmedia":[{"embeddable":true,"href":"https:\/\/chs-pommer.de\/index.php?rest_route=\/wp\/v2\/media\/454"}],"wp:attachment":[{"href":"https:\/\/chs-pommer.de\/index.php?rest_route=%2Fwp%2Fv2%2Fmedia&parent=23"}],"curies":[{"name":"wp","href":"https:\/\/api.w.org\/{rel}","templated":true}]}}