{"id":171,"date":"2020-06-03T09:35:49","date_gmt":"2020-06-03T09:35:49","guid":{"rendered":"https:\/\/chs-pommer.de\/?page_id=171"},"modified":"2025-04-02T13:52:30","modified_gmt":"2025-04-02T13:52:30","slug":"impressum","status":"publish","type":"page","link":"https:\/\/chs-pommer.de\/?page_id=171","title":{"rendered":"Impressum"},"content":{"rendered":"\n<p><\/p>\n\n\n\n<p><strong>Gesetzliche Anbieterkennung:<\/strong><\/p>\n\n\n\n<p>CHS Pommer GmbH &amp; Co. KG<br>Bahnhofstr. 18a<br>08209 Auerbach<br>Deutschland<br>Telefon: +493744210006<br>E-Mail: info@chs-pommer.de<br>USt-IdNr.: DE184507999<br>eingetragen im Handelsregister des Amtsgerichtes Chemnitz<br>Handelsregisternummer HRA 10177<\/p>\n\n\n\n<p><br>vertreten durch die pers\u00f6nlich haftende Gesellschafterin<br>CHS Pommer Verwaltungs GmbH<br>diese vertr. d. d. Gesch\u00e4ftsf\u00fchrer Denny Pommer<br>Bahnhofstr. 18a, 08209 Auerbach, Deutschland<br>eingetragen im Handelsregister des Amtsgerichtes Chemnitz<br>Handelsregisternummer HRB 36972<\/p>\n\n\n\n<p>Aufgrund des Kleinunternehmerstatus wird in der Rechnung keine MwSt. ausgewiesen (umsatzsteuerfrei gem. \u00a7 19 Abs. 1 UStG).<br>Wir sind nicht bereit und nicht verpflichtet, an Streitbeilegungsverfahren vor Verbraucherschlichtungsstellen teilzunehmen.<\/p>\n\n\n\n<p><br><strong>Wir sind seit 22.10.2015 Mitglied der Initiative &#8222;FairCommerce&#8220;.<\/strong><br>N\u00e4here Informationen hierzu finden Sie unter <a href=\"http:\/\/www.haendlerbund.de\/faircommerce\">www.haendlerbund.de\/faircommerce<\/a>.<\/p>\n\n\n\n<p><\/p>\n","protected":false},"excerpt":{"rendered":"<p>Gesetzliche Anbieterkennung: CHS Pommer GmbH &amp; Co. KGBahnhofstr. 18a08209 AuerbachDeutschlandTelefon: +493744210006E-Mail: info@chs-pommer.deUSt-IdNr.: DE184507999eingetragen im Handelsregister des Amtsgerichtes ChemnitzHandelsregisternummer HRA 10177 vertreten durch die pers\u00f6nlich haftende GesellschafterinCHS Pommer Verwaltungs GmbHdiese vertr. d. d. Gesch\u00e4ftsf\u00fchrer Denny PommerBahnhofstr. 18a, 08209 Auerbach, Deutschlandeingetragen im Handelsregister des Amtsgerichtes ChemnitzHandelsregisternummer HRB 36972 Aufgrund des Kleinunternehmerstatus wird in der Rechnung keine MwSt.&hellip; <br \/> <a class=\"read-more\" href=\"https:\/\/chs-pommer.de\/?page_id=171\">Weiterlesen<\/a><\/p>\n","protected":false},"author":1,"featured_media":0,"parent":0,"menu_order":0,"comment_status":"closed","ping_status":"closed","template":"","meta":{"footnotes":""},"class_list":["post-171","page","type-page","status-publish","hentry"],"featured_image_src":null,"_links":{"self":[{"href":"https:\/\/chs-pommer.de\/index.php?rest_route=\/wp\/v2\/pages\/171","targetHints":{"allow":["GET"]}}],"collection":[{"href":"https:\/\/chs-pommer.de\/index.php?rest_route=\/wp\/v2\/pages"}],"about":[{"href":"https:\/\/chs-pommer.de\/index.php?rest_route=\/wp\/v2\/types\/page"}],"author":[{"embeddable":true,"href":"https:\/\/chs-pommer.de\/index.php?rest_route=\/wp\/v2\/users\/1"}],"replies":[{"embeddable":true,"href":"https:\/\/chs-pommer.de\/index.php?rest_route=%2Fwp%2Fv2%2Fcomments&post=171"}],"version-history":[{"count":8,"href":"https:\/\/chs-pommer.de\/index.php?rest_route=\/wp\/v2\/pages\/171\/revisions"}],"predecessor-version":[{"id":401,"href":"https:\/\/chs-pommer.de\/index.php?rest_route=\/wp\/v2\/pages\/171\/revisions\/401"}],"wp:attachment":[{"href":"https:\/\/chs-pommer.de\/index.php?rest_route=%2Fwp%2Fv2%2Fmedia&parent=171"}],"curies":[{"name":"wp","href":"https:\/\/api.w.org\/{rel}","templated":true}]}}